{"id":1243,"date":"2016-02-02T23:50:09","date_gmt":"2016-02-02T22:50:09","guid":{"rendered":"http:\/\/amateursassocies.ch\/?page_id=1243"},"modified":"2022-05-23T13:15:15","modified_gmt":"2022-05-23T11:15:15","slug":"livre-dor","status":"publish","type":"page","link":"https:\/\/amateursassocies.ch\/index.php\/livre-dor\/","title":{"rendered":"Livre d&#8217;or"},"content":{"rendered":"<div class=\"gwolle-gb\"><div class=\"gwolle-gb-messages-top-container\"><\/div>\n\t\t\t<div class=\"gwolle-gb-write-button\">\n\t\t\t\t<input type=\"button\" name=\"gwolle-gb-write-button\" class=\"button btn btn-default \" value=\"\u00c9crire un nouveau message\" aria-expanded=\"false\" \/>\n\t\t\t<\/div>\n\t\t\t<form action=\"#\" method=\"POST\" class=\"gwolle-gb-write gwolle-gb-hide gwolle-gb-float gwolle-gb-form-ajax gwolle-gb-ajax gwolle-gb-not-logged-in\">\n\t\t\t\t<h3>\u00c9crivez un nouveau message dans le livre d\u2019or<\/h3>\n\t\t\t\t<button type=\"button\" class=\"gb-notice-dismiss\">x<span class=\"screen-reader-text\">Masquer ce formulaire.<\/span><\/button>\n\t\t\t\n\t\t\t\t<input type=\"hidden\" name=\"gwolle_gb_function\" class=\"gwolle_gb_function\" value=\"add_entry\" \/><input type=\"hidden\" name=\"gwolle_gb_book_id\" class=\"gwolle_gb_book_id\" value=\"1\" \/><div class=\"gwolle_gb_e49b0444fe3d18613dbfc05bfa3f3798\">\n\t\t\t\t<div class=\"label\"><label for=\"gwolle_gb_e49b0444fe3d18613dbfc05bfa3f3798-1\" class=\"text-info\">Nom <span class=\"required\">*<\/span><\/label><\/div>\n\t\t\t\t<div class=\"input\"><input class=\"wp-exclude-emoji gwolle_gb_e49b0444fe3d18613dbfc05bfa3f3798\" value=\"\" type=\"text\" id=\"gwolle_gb_e49b0444fe3d18613dbfc05bfa3f3798-1\" name=\"gwolle_gb_e49b0444fe3d18613dbfc05bfa3f3798\" required \/><\/div>\n\t\t\t\t<div class=\"clearBoth\">&nbsp;<\/div>\n\t\t\t<\/div>\n\t\t\t<div class=\"gwolle_gb_7dfcc2aeb52906154fa306c858b2d7e2\" style=\"display:none;overflow:hidden;\" hidden=\"true\" aria-hidden=\"true\">\n\t\t\t\t<div class=\"label\">\n\t\t\t\t\t<label for=\"gwolle_gb_7dfcc2aeb52906154fa306c858b2d7e2-1\" class=\"text-primary\">Ne touchez pas \u00e0 ceci<\/label>\n\t\t\t\t\t<label for=\"gwolle_gb_8641c97b5e35023b1309471c03741a8d-1\" class=\"text-primary\">Ne touchez pas \u00e0 ceci<\/label>\n\t\t\t\t<\/div>\n\t\t\t\t<div class=\"input\">\n\t\t\t\t\t<input value=\"60\" type=\"text\" id=\"gwolle_gb_7dfcc2aeb52906154fa306c858b2d7e2-1\" name=\"gwolle_gb_7dfcc2aeb52906154fa306c858b2d7e2\" class=\"gwolle_gb_7dfcc2aeb52906154fa306c858b2d7e2\" style=\"transform: translateY(10000px);\" \/>\n\t\t\t\t\t<input value=\"\" type=\"text\" name=\"gwolle_gb_8641c97b5e35023b1309471c03741a8d\" id=\"gwolle_gb_8641c97b5e35023b1309471c03741a8d-1\" class=\"gwolle_gb_8641c97b5e35023b1309471c03741a8d\" style=\"transform: translateY(10000px);\" \/>\n\t\t\t\t<\/div>\n\t\t\t\t<div class=\"clearBoth\"><\/div>\n\t\t\t<\/div>\n\t\t\t<div class=\"gwolle_gb_25ccbcb31115cf37f9ed9dfe94496174\" style=\"display:none;overflow:hidden;\" hidden=\"true\" aria-hidden=\"true\">\n\t\t\t\t<div class=\"label\">\n\t\t\t\t\t<label for=\"gwolle_gb_25ccbcb31115cf37f9ed9dfe94496174-1\" class=\"text-primary\">Ne touchez pas \u00e0 ceci<\/label>\n\t\t\t\t\t<label for=\"gwolle_gb_bd6a7204bfca924b88d630d3fc9eafe8-1\" class=\"text-primary\">Ne touchez pas \u00e0 ceci<\/label>\n\t\t\t\t<\/div>\n\t\t\t\t<div class=\"input\">\n\t\t\t\t\t<input value=\"75142\" type=\"text\" id=\"gwolle_gb_25ccbcb31115cf37f9ed9dfe94496174-1\" name=\"gwolle_gb_25ccbcb31115cf37f9ed9dfe94496174\" class=\"gwolle_gb_25ccbcb31115cf37f9ed9dfe94496174\" style=\"transform: translateY(10000px);\" \/>\n\t\t\t\t\t<input value=\"75142\" type=\"text\"id=\"gwolle_gb_bd6a7204bfca924b88d630d3fc9eafe8-1\" name=\"gwolle_gb_bd6a7204bfca924b88d630d3fc9eafe8\" class=\"gwolle_gb_bd6a7204bfca924b88d630d3fc9eafe8\" style=\"transform: translateY(10000px);\" \/>\n\t\t\t\t<\/div>\n\t\t\t\t<div class=\"clearBoth\"><\/div>\n\t\t\t<\/div><div class=\"gwolle_gb_content\">\n\t\t\t\t<div class=\"label\"><label for=\"gwolle_gb_content-1\" class=\"text-info\">Message du livre d\u2019or <span class=\"required\">*<\/span><\/label><\/div>\n\t\t\t\t<div class=\"input\"><textarea id=\"gwolle_gb_content-1\" name=\"gwolle_gb_content\" class=\"gwolle_gb_content wp-exclude-emoji\" required ><\/textarea><\/div>\n\t\t\t\t\t<div class=\"clearBoth\">&nbsp;<\/div>\n\t\t\t\t<\/div><input type=\"hidden\" class=\"gwolle_gb_3c2a5303098c6b4b86b1fac95412e378\" id=\"gwolle_gb_3c2a5303098c6b4b86b1fac95412e378-1\" name=\"gwolle_gb_3c2a5303098c6b4b86b1fac95412e378\" value=\"6be8335392\" \/>\n\t\t\t<div class=\"gwolle-gb-messages-bottom-container\"><\/div>\n\n\t\t\t<noscript><div class=\"no-js\">Avertissement\u00a0: Ce formulaire ne peut \u00eatre utilis\u00e9 que si JavaScript est activ\u00e9 dans votre navigateur.<\/div><\/noscript>\n\n\t\t\t<div class=\"gwolle_gb_submit gwolle-gb-submit\">\n\t\t\t\t<div class=\"label gwolle-gb-invisible text-muted\">&nbsp;<\/div>\n\t\t\t\t<div class=\"input\">\n\t\t\t\t\t<input type=\"submit\" name=\"gwolle_gb_submit\" class=\"gwolle_gb_submit button btn btn-primary \" value=\"Envoyer\" \/>\n\t\t\t\t\t<span class=\"gwolle_gb_submit_ajax_icon gwolle-gb-submit-ajax-icon\"><\/span>\n\t\t\t\n\t\t\t\t<\/div>\n\t\t\t\t<div class=\"clearBoth\">&nbsp;<\/div>\n\t\t\t<\/div>\n\n\t\t\t<div class=\"gwolle_gb_notice gwolle-gb-notice\">\n\t\t\t\tNous nous r\u00e9servons le droit d&#039;\u00e9diter, de supprimer, ou de ne pas publier les messages.\n\t\t\t<\/div><\/form><div class=\"gwolle-gb-read gwolle-gb-ajax gwolle-gb-entries-list\" data-book_id=\"1\" data-page_id=\"1\">\n\t\t<div id=\"gwolle-gb-total\" class=\"gwolle-gb-total\">1 message.<\/div><!-- Gwolle-GB Entry: Default Template Loaded -->\n\t\t\t\t<div class=\"gb-entry gb-entry_55 gb-entry-count_1 gwolle-gb-uneven gwolle-gb-first\" id=\"gb-entry_55\" data-entry_id=\"55\">\n\t\t\t\t<article>\n\t\t\t\t\t<div class=\"gb-author-info\">\n\t\t\t\t\t\t<span class=\"gb-author-avatar\"><img referrerpolicy=\"no-referrer\" alt='Web Hosting' src='https:\/\/secure.gravatar.com\/avatar\/?s=32&#038;d=mm&#038;r=g' srcset='https:\/\/secure.gravatar.com\/avatar\/?s=64&#038;d=mm&#038;r=g 2x' class='avatar avatar-32 photo avatar-default' height='32' width='32' \/><\/span>\n\t\t\t\t\t\t<span class=\"gb-author-name\">Web Hosting\n\t\t\t\t\t\t<\/span>\n\t\t\t\t\t\t<span class=\"gb-datetime\">\n\t\t\t\t\t\t\t<span class=\"gb-date\"><span class=\"gb-date-wrote-text\"> a \u00e9crit le<\/span><span class=\"gb-date-text\"> 1 mai 2017<\/span>\n\t\t\t\t\t\t\t<\/span><span class=\"gb-time\">\n\t\t\t\t\t\t\t\t\t<span class=\"gb-time-at-text\"> \u00e0<\/span>\n\t\t\t\t\t\t\t\t\t<span class=\"gb-time-text\"> 17 h 14 min<\/span>\n\t\t\t\t\t\t\t\t<\/span>\n\t\t\t\t\t\t<\/span> \n\t\t\t\t\t<\/div>\n\t\t\t\t\t<div class=\"gb-entry-content\">Et quelle generosite degagee par ces comediens amateurs qui nous ont tout donne, jusqu&#039;a la visite des coulisses, de leurs conditions de travail et une coupe pour f f0 inir.\n\t\t\t\t\t<\/div>\n\t\t\t\t<\/article>\n\t\t\t<\/div>\n\t\t\t<\/div><\/div>\n","protected":false},"excerpt":{"rendered":"","protected":false},"author":1,"featured_media":0,"parent":0,"menu_order":0,"comment_status":"closed","ping_status":"closed","template":"","meta":{"_monsterinsights_skip_tracking":false,"_monsterinsights_sitenote_active":false,"_monsterinsights_sitenote_note":"","_monsterinsights_sitenote_category":0,"ngg_post_thumbnail":0,"footnotes":""},"class_list":["post-1243","page","type-page","status-publish","hentry"],"aioseo_notices":[],"_links":{"self":[{"href":"https:\/\/amateursassocies.ch\/index.php\/wp-json\/wp\/v2\/pages\/1243","targetHints":{"allow":["GET"]}}],"collection":[{"href":"https:\/\/amateursassocies.ch\/index.php\/wp-json\/wp\/v2\/pages"}],"about":[{"href":"https:\/\/amateursassocies.ch\/index.php\/wp-json\/wp\/v2\/types\/page"}],"author":[{"embeddable":true,"href":"https:\/\/amateursassocies.ch\/index.php\/wp-json\/wp\/v2\/users\/1"}],"replies":[{"embeddable":true,"href":"https:\/\/amateursassocies.ch\/index.php\/wp-json\/wp\/v2\/comments?post=1243"}],"version-history":[{"count":1,"href":"https:\/\/amateursassocies.ch\/index.php\/wp-json\/wp\/v2\/pages\/1243\/revisions"}],"predecessor-version":[{"id":2087,"href":"https:\/\/amateursassocies.ch\/index.php\/wp-json\/wp\/v2\/pages\/1243\/revisions\/2087"}],"wp:attachment":[{"href":"https:\/\/amateursassocies.ch\/index.php\/wp-json\/wp\/v2\/media?parent=1243"}],"curies":[{"name":"wp","href":"https:\/\/api.w.org\/{rel}","templated":true}]}}