{"id":7,"date":"2015-02-02T19:38:46","date_gmt":"2015-02-02T18:38:46","guid":{"rendered":"http:\/\/theme-fusion.com\/avada_demos_xml\/cafe\/?page_id=7"},"modified":"2025-11-07T10:53:52","modified_gmt":"2025-11-07T09:53:52","slug":"theatre-riddes","status":"publish","type":"page","link":"https:\/\/amateursassocies.ch\/","title":{"rendered":"Home"},"content":{"rendered":"<div class=\"fusion-fullwidth fullwidth-box fusion-builder-row-1 nonhundred-percent-fullwidth non-hundred-percent-height-scrolling\" style=\"--awb-background-position:left top;--awb-border-sizes-top:0px;--awb-border-sizes-bottom:0px;--awb-border-sizes-left:0px;--awb-border-sizes-right:0px;--awb-border-radius-top-left:0px;--awb-border-radius-top-right:0px;--awb-border-radius-bottom-right:0px;--awb-border-radius-bottom-left:0px;--awb-padding-top:20px;--awb-padding-bottom:20px;--awb-flex-wrap:wrap;\" ><div class=\"fusion-builder-row fusion-row\"><div class=\"fusion-layout-column fusion_builder_column fusion-builder-column-0 fusion_builder_column_1_1 1_1 fusion-one-full fusion-column-first fusion-column-last fusion-column-no-min-height\" style=\"--awb-bg-blend:overlay;--awb-bg-size:cover;--awb-margin-bottom:0px;\"><div class=\"fusion-column-wrapper fusion-flex-column-wrapper-legacy\"><div class=\"fusion-text fusion-text-1\"><h3 style=\"text-align: center;\"><span style=\"color: #aa8a63;\">Bienvenue sur le site des Amateurs Associ\u00e9s&nbsp;Troupe th\u00e9\u00e2trale de Riddes<\/span><\/h3>\n<p>&nbsp;<\/p>\n<\/div><div class=\"fusion-image-element fusion-image-align-center in-legacy-container\" style=\"text-align:center;--awb-caption-title-font-family:var(--h2_typography-font-family);--awb-caption-title-font-weight:var(--h2_typography-font-weight);--awb-caption-title-font-style:var(--h2_typography-font-style);--awb-caption-title-size:var(--h2_typography-font-size);--awb-caption-title-transform:var(--h2_typography-text-transform);--awb-caption-title-line-height:var(--h2_typography-line-height);--awb-caption-title-letter-spacing:var(--h2_typography-letter-spacing);\"><div class=\"imageframe-align-center\"><span class=\" fusion-imageframe imageframe-none imageframe-1 hover-type-none\" style=\"border:2px solid #494848;\"><img decoding=\"async\" width=\"820\" height=\"1024\" alt=\"Ma Femme Est Tomb\u00e9e Sur La T\u00eate \" title=\"A.A._CTPC_Affiche_Format Insta\" src=\"https:\/\/amateursassocies.ch\/wp-content\/uploads\/2025\/11\/A.A._CTPC_Affiche_Format-Insta.png\" data-orig-src=\"https:\/\/amateursassocies.ch\/wp-content\/uploads\/2025\/11\/A.A._CTPC_Affiche_Format-Insta-820x1024.png\" class=\"lazyload img-responsive wp-image-2583\" srcset=\"data:image\/svg+xml,%3Csvg%20xmlns%3D%27http%3A%2F%2Fwww.w3.org%2F2000%2Fsvg%27%20width%3D%272161%27%20height%3D%272700%27%20viewBox%3D%270%200%202161%202700%27%3E%3Crect%20width%3D%272161%27%20height%3D%272700%27%20fill-opacity%3D%220%22%2F%3E%3C%2Fsvg%3E\" data-srcset=\"https:\/\/amateursassocies.ch\/wp-content\/uploads\/2025\/11\/A.A._CTPC_Affiche_Format-Insta-200x250.png 200w, https:\/\/amateursassocies.ch\/wp-content\/uploads\/2025\/11\/A.A._CTPC_Affiche_Format-Insta-400x500.png 400w, https:\/\/amateursassocies.ch\/wp-content\/uploads\/2025\/11\/A.A._CTPC_Affiche_Format-Insta-600x750.png 600w, https:\/\/amateursassocies.ch\/wp-content\/uploads\/2025\/11\/A.A._CTPC_Affiche_Format-Insta-800x1000.png 800w, https:\/\/amateursassocies.ch\/wp-content\/uploads\/2025\/11\/A.A._CTPC_Affiche_Format-Insta-1200x1499.png 1200w\" data-sizes=\"auto\" data-orig-sizes=\"(max-width: 1120px) 100vw, 1200px\" \/><\/span><\/div><\/div><div class=\"fusion-sep-clear\"><\/div><div class=\"fusion-separator fusion-full-width-sep\" style=\"margin-left: auto;margin-right: auto;width:100%;\"><div class=\"fusion-separator-border sep-shadow\" style=\"--awb-height:20px;--awb-amount:20px;background:radial-gradient(ellipse at 50% -50% , #ae895d 0px, rgba(255, 255, 255, 0) 80%) repeat scroll 0 0 rgba(0, 0, 0, 0);background:-webkit-radial-gradient(ellipse at 50% -50% , #ae895d 0px, rgba(255, 255, 255, 0) 80%) repeat scroll 0 0 rgba(0, 0, 0, 0);background:-moz-radial-gradient(ellipse at 50% -50% , #ae895d 0px, rgba(255, 255, 255, 0) 80%) repeat scroll 0 0 rgba(0, 0, 0, 0);background:-o-radial-gradient(ellipse at 50% -50% , #ae895d 0px, rgba(255, 255, 255, 0) 80%) repeat scroll 0 0 rgba(0, 0, 0, 0);\"><\/div><\/div><div class=\"fusion-sep-clear\"><\/div><div class=\"fusion-clearfix\"><\/div><\/div><\/div><div class=\"fusion-layout-column fusion_builder_column fusion-builder-column-1 fusion_builder_column_1_2 1_2 fusion-one-half fusion-column-first\" style=\"--awb-bg-size:cover;width:50%;width:calc(50% - ( ( 4% ) * 0.5 ) );margin-right: 4%;\"><div class=\"fusion-column-wrapper fusion-column-has-shadow fusion-flex-column-wrapper-legacy\"><div class=\"fusion-button-wrapper fusion-aligncenter\"><a class=\"fusion-button button-3d fusion-button-default-size button-default fusion-button-default button-1 fusion-button-default-span fusion-animated\" data-animationType=\"flash\" data-animationDuration=\"1.3\" data-animationDelay=\"0.6\" data-animationOffset=\"top-into-view\" target=\"_blank\" rel=\"noopener noreferrer\" role=\"button\" href=\"https:\/\/forms.gle\/eSBxcFPnEkfZhptVA\"><i class=\"fa-calendar-alt fas awb-button__icon awb-button__icon--default button-icon-left\" aria-hidden=\"true\"><\/i><span class=\"fusion-button-text awb-button__text awb-button__text--default\">R\u00e9servation payement sur place<\/span><\/a><\/div><div class=\"fusion-clearfix\"><\/div><\/div><\/div><div class=\"fusion-layout-column fusion_builder_column fusion-builder-column-2 fusion_builder_column_1_2 1_2 fusion-one-half fusion-column-last\" style=\"--awb-bg-size:cover;width:50%;width:calc(50% - ( ( 4% ) * 0.5 ) );\"><div class=\"fusion-column-wrapper fusion-column-has-shadow fusion-flex-column-wrapper-legacy\"><div class=\"fusion-button-wrapper fusion-aligncenter\"><a class=\"fusion-button button-3d fusion-button-default-size button-default fusion-button-default button-2 fusion-button-default-span fusion-animated\" data-animationType=\"flash\" data-animationDuration=\"1.3\" data-animationDelay=\"0.8\" data-animationOffset=\"top-into-view\" target=\"_blank\" rel=\"noopener noreferrer\" role=\"button\" href=\"https:\/\/web5.deskline.net\/TZOUMAZ\/a4a76411-315f-4a39-8bec-c57a6c1b99b2\/fr?p=1#\/experiences\/CH2\/b94e9d52-522f-45ce-8518-c06294119950\/chiche--t-es-pas-cap-?useDetailSearch=false\"><i class=\"fa-calendar-alt far awb-button__icon awb-button__icon--default button-icon-left\" aria-hidden=\"true\"><\/i><span class=\"fusion-button-text awb-button__text awb-button__text--default\">R\u00e9servation payement en ligne<\/span><\/a><\/div><div class=\"fusion-clearfix\"><\/div><\/div><\/div><div class=\"fusion-layout-column fusion_builder_column fusion-builder-column-3 fusion_builder_column_1_1 1_1 fusion-one-full fusion-column-first fusion-column-last fusion-animated\" style=\"--awb-bg-blend:overlay;--awb-bg-size:cover;--awb-border-color:#dd9933;--awb-border-top:0px;--awb-border-right:0px;--awb-border-bottom:0px;--awb-border-left:0px;--awb-border-style:solid;\" data-animationType=\"fadeInDown\" data-animationDuration=\"0.1\" data-animationOffset=\"top-into-view\"><div class=\"fusion-column-wrapper fusion-flex-column-wrapper-legacy\"><div class=\"fusion-reading-box-container reading-box-container-1 fusion-animated\" style=\"--awb-title-color:#ffffff;--awb-margin-top:30px;--awb-margin-bottom:10px;\" data-animationType=\"zoomIn\" data-animationDuration=\"0.5\" data-animationOffset=\"top-into-view\"><div class=\"reading-box\" style=\"background-color:#313539;border-width:1px;border-color:#a98964;border-style:solid;\"><div class=\"reading-box-additional\">\n<p style=\"text-align: justify;\"><b>Louise, jalouse comme un tigre, est persuad\u00e9e que son mari Adrien, directeur de leur soci\u00e9t\u00e9 de lingeries fines \u00ab S\u00e9r\u00e9nade \u00bb, la trompe avec ses clientes. Devant le refus d&#8217;Adrien de l&#8217;emmener faire la tourn\u00e9e de leurs boutiques, elle menace de le tromper avec le premier homme qui franchira le seuil de la maison. Adrien, qui n&#8217;a rien \u00e0 se reprocher, se promet d&#8217;en faire autant avec la premi\u00e8re femme qui poussera la porte de la maison&#8230; Chiche ! T\u2019es pas cap !<\/b><\/p>\n<p style=\"text-align: justify;\"><b>Malheureusement, dans leur petite commune, il y a peu de chances de voir d\u00e9barquer \u00e0 la porte George Clooney ou P\u00e9n\u00e9lope Cruz\u2026 Mais plus facilement le facteur qui vient d\u00e9poser un colis ou l&#8217;envahissante voisine qui vient apporter quelques poireaux, afin de discuter un peu. Pas vraiment les visiteurs esp\u00e9r\u00e9s&#8230; Pourtant, pour ne pas perdre la face et le d\u00e9fi, il reste \u00e0 jouer le jeu sans trop savoir o\u00f9 tout \u00e7a les m\u00e8nera\u2026<\/b><\/p>\n<\/div><div class=\"fusion-clearfix\"><\/div><\/div><\/div><div class=\"fusion-clearfix\"><\/div><\/div><\/div><div class=\"fusion-layout-column fusion_builder_column fusion-builder-column-4 fusion_builder_column_1_1 1_1 fusion-one-full fusion-column-first fusion-column-last fusion-column-no-min-height\" style=\"--awb-bg-blend:overlay;--awb-bg-size:cover;--awb-margin-bottom:0px;\"><div class=\"fusion-column-wrapper fusion-flex-column-wrapper-legacy\"><div class=\"fusion-sep-clear\"><\/div><div class=\"fusion-separator fusion-full-width-sep\" style=\"margin-left: auto;margin-right: auto;width:100%;\"><div class=\"fusion-separator-border sep-double\" style=\"--awb-height:20px;--awb-amount:20px;border-color:#ae895d;border-top-width:1px;border-bottom-width:1px;\"><\/div><\/div><div class=\"fusion-sep-clear\"><\/div><div class=\"fusion-text fusion-text-2\"><p><span style=\"font-size: 14px;\">De l\u2019amiti\u00e9, des rires, des souvenirs, des ap\u00e9ros\u2026 Mais aussi du travail, des incertitudes, des difficult\u00e9s, du trac\u2026 Voil\u00e0 tout ce qui se partage au sein de la troupe des Amateurs Associ\u00e9s.<br \/>\n<\/span><span style=\"font-size: 14px; background-color: rgba(0, 0, 0, 0);\">Depuis 1979, date de la cr\u00e9ation de leur troupe, les Amateurs Associ\u00e9s ont pr\u00e9sent\u00e9s une trentaine de pi\u00e8ces \u00e0 leur public ; des pi\u00e8ces parfois inconnues, dans des endroits parfois insolites avec des moyens toujours limit\u00e9s. En 1996, un atelier Juniors assurant la rel\u00e8ve de la troupe a \u00e9t\u00e9 cr\u00e9\u00e9.<\/span><\/p>\n<\/div><div class=\"fusion-sep-clear\"><\/div><div class=\"fusion-separator fusion-full-width-sep\" style=\"margin-left: auto;margin-right: auto;width:100%;\"><div class=\"fusion-separator-border sep-double\" style=\"--awb-height:20px;--awb-amount:20px;border-color:#ae895d;border-top-width:1px;border-bottom-width:1px;\"><\/div><\/div><div class=\"fusion-sep-clear\"><\/div><div class=\"fusion-clearfix\"><\/div><\/div><\/div><div class=\"fusion-layout-column fusion_builder_column fusion-builder-column-5 fusion_builder_column_1_1 1_1 fusion-one-full fusion-column-first fusion-column-last\" style=\"--awb-bg-blend:overlay;--awb-bg-size:cover;\"><div class=\"fusion-column-wrapper fusion-flex-column-wrapper-legacy\"><div class=\"fusion-builder-row fusion-builder-row-inner fusion-row\"><div class=\"fusion-layout-column fusion_builder_column_inner fusion-builder-nested-column-0 fusion_builder_column_inner_1_1 1_1 fusion-one-full fusion-column-first fusion-column-last\" style=\"--awb-bg-blend:overlay;--awb-bg-size:cover;\"><div class=\"fusion-column-wrapper fusion-flex-column-wrapper-legacy\"><div class=\"fusion-column-content-centered\"><div class=\"fusion-column-content\"><\/div><\/div><div class=\"fusion-clearfix\"><\/div><\/div><\/div><\/div><div class=\"fusion-countdown fusion-countdown-1 fusion-countdown-floated fusion-countdown-label-text_flow\" style=\"--awb-border-radius:0px;--awb-counter-box-color:#383838;--awb-counter-border-radius:0px;--awb-background:#383838;--awb-counter-border-size:0;\"><div class=\"fusion-countdown-wrapper\"><div class=\"fusion-countdown-counter-wrapper awb-flex-grow\" id=\"fusion-countdown-1\" data-gmt-offset=\"2\" data-timer=\"2025-11-13-20-00-00\" data-omit-weeks=\"1\"><div class=\"fusion-dash-wrapper \"><div class=\"fusion-dash fusion-dash-days\"><div class=\"fusion-digit-wrapper\"><div class=\"fusion-thousand-digit fusion-digit\">0<\/div><div class=\"fusion-hundred-digit fusion-digit\">0<\/div><div class=\"fusion-digit\">0<\/div><div class=\"fusion-digit\">0<\/div><\/div><div class=\"fusion-dash-title\">Days<\/div><\/div><\/div><div class=\"fusion-dash-wrapper \"><div class=\"fusion-dash fusion-dash-hours\"><div class=\"fusion-digit-wrapper\"><div class=\"fusion-digit\">0<\/div><div class=\"fusion-digit\">0<\/div><\/div><div class=\"fusion-dash-title\">Hrs<\/div><\/div><\/div><div class=\"fusion-dash-wrapper \"><div class=\"fusion-dash fusion-dash-minutes\"><div class=\"fusion-digit-wrapper\"><div class=\"fusion-digit\">0<\/div><div class=\"fusion-digit\">0<\/div><\/div><div class=\"fusion-dash-title\">Min<\/div><\/div><\/div><div class=\"fusion-dash-wrapper \"><div class=\"fusion-dash fusion-dash-seconds\"><div class=\"fusion-digit-wrapper\"><div class=\"fusion-digit\">0<\/div><div class=\"fusion-digit\">0<\/div><\/div><div class=\"fusion-dash-title\">Sec<\/div><\/div><\/div><\/div><\/div><\/div><div class=\"fusion-builder-row fusion-builder-row-inner fusion-row\"><div class=\"fusion-layout-column fusion_builder_column_inner fusion-builder-nested-column-1 fusion_builder_column_inner_1_1 1_1 fusion-one-full fusion-column-first fusion-column-last\" style=\"--awb-bg-blend:overlay;--awb-bg-size:cover;--awb-margin-top:5px;\"><div class=\"fusion-column-wrapper fusion-flex-column-wrapper-legacy\"><div class=\"alignright\"><div class=\"fusion-social-links fusion-social-links-1\" style=\"--awb-margin-top:0px;--awb-margin-right:0px;--awb-margin-bottom:0px;--awb-margin-left:0px;--awb-alignment:right;--awb-box-border-top:0px;--awb-box-border-right:0px;--awb-box-border-bottom:0px;--awb-box-border-left:0px;--awb-icon-colors-hover:rgba(193,154,108,0.8);--awb-box-colors-hover:rgba(56,56,56,0.8);--awb-box-border-color:var(--awb-color3);--awb-box-border-color-hover:var(--awb-color4);\"><div class=\"fusion-social-networks boxed-icons color-type-custom\"><div class=\"fusion-social-networks-wrapper\"><a class=\"fusion-social-network-icon fusion-tooltip fusion-facebook awb-icon-facebook\" style=\"color:#c19a6c;font-size:16px;width:16px;background-color:#383838;border-color:#383838;border-radius:4px;\" data-placement=\"top\" data-title=\"Facebook\" data-toggle=\"tooltip\" title=\"Facebook\" aria-label=\"facebook\" target=\"_blank\" rel=\"noopener noreferrer\" href=\"https:\/\/www.facebook.com\/aariddes\/\"><\/a><a class=\"fusion-social-network-icon fusion-tooltip fusion-instagram awb-icon-instagram\" style=\"color:#c19a6c;font-size:16px;width:16px;background-color:#383838;border-color:#383838;border-radius:4px;\" data-placement=\"top\" data-title=\"Instagram\" data-toggle=\"tooltip\" title=\"Instagram\" aria-label=\"instagram\" target=\"_blank\" rel=\"noopener noreferrer\" href=\"https:\/\/www.instagram.com\/amateursassocies\/\"><\/a><a class=\"fusion-social-network-icon fusion-tooltip fusion-flickr awb-icon-flickr\" style=\"color:#c19a6c;font-size:16px;width:16px;background-color:#383838;border-color:#383838;border-radius:4px;\" data-placement=\"top\" data-title=\"Flickr\" data-toggle=\"tooltip\" title=\"Flickr\" aria-label=\"flickr\" target=\"_blank\" rel=\"noopener noreferrer\" href=\"https:\/\/www.flickr.com\/photos\/amateursassocies\/\"><\/a><a class=\"fusion-social-network-icon fusion-tooltip fusion-mail awb-icon-mail\" style=\"color:#c19a6c;font-size:16px;width:16px;background-color:#383838;border-color:#383838;border-radius:4px;\" data-placement=\"top\" data-title=\"Email\" data-toggle=\"tooltip\" title=\"Email\" aria-label=\"mail\" target=\"_blank\" rel=\"noopener noreferrer\" href=\"mailto:i&#110;&#102;o&#064;a&#109;a&#116;e&#117;r&#115;a&#115;&#115;&#111;&#099;&#105;&#101;&#115;&#046;c&#104;\"><\/a><\/div><\/div><\/div><\/div><div class=\"fusion-clearfix\"><\/div><\/div><\/div><\/div><div class=\"fusion-clearfix\"><\/div><\/div><\/div><\/div><\/div>\n","protected":false},"excerpt":{"rendered":"","protected":false},"author":47,"featured_media":0,"parent":0,"menu_order":0,"comment_status":"closed","ping_status":"closed","template":"100-width.php","meta":{"_monsterinsights_skip_tracking":false,"_monsterinsights_sitenote_active":false,"_monsterinsights_sitenote_note":"","_monsterinsights_sitenote_category":0,"ngg_post_thumbnail":0,"footnotes":""},"class_list":["post-7","page","type-page","status-publish","hentry"],"aioseo_notices":[],"_links":{"self":[{"href":"https:\/\/amateursassocies.ch\/index.php\/wp-json\/wp\/v2\/pages\/7","targetHints":{"allow":["GET"]}}],"collection":[{"href":"https:\/\/amateursassocies.ch\/index.php\/wp-json\/wp\/v2\/pages"}],"about":[{"href":"https:\/\/amateursassocies.ch\/index.php\/wp-json\/wp\/v2\/types\/page"}],"author":[{"embeddable":true,"href":"https:\/\/amateursassocies.ch\/index.php\/wp-json\/wp\/v2\/users\/47"}],"replies":[{"embeddable":true,"href":"https:\/\/amateursassocies.ch\/index.php\/wp-json\/wp\/v2\/comments?post=7"}],"version-history":[{"count":79,"href":"https:\/\/amateursassocies.ch\/index.php\/wp-json\/wp\/v2\/pages\/7\/revisions"}],"predecessor-version":[{"id":2584,"href":"https:\/\/amateursassocies.ch\/index.php\/wp-json\/wp\/v2\/pages\/7\/revisions\/2584"}],"wp:attachment":[{"href":"https:\/\/amateursassocies.ch\/index.php\/wp-json\/wp\/v2\/media?parent=7"}],"curies":[{"name":"wp","href":"https:\/\/api.w.org\/{rel}","templated":true}]}}