{"id":838,"date":"2016-01-05T14:14:50","date_gmt":"2016-01-05T13:14:50","guid":{"rendered":"http:\/\/amateursassocies.ch\/?page_id=838"},"modified":"2023-10-06T14:33:07","modified_gmt":"2023-10-06T12:33:07","slug":"photos","status":"publish","type":"page","link":"https:\/\/amateursassocies.ch\/index.php\/photos\/","title":{"rendered":"Photos"},"content":{"rendered":"<div class=\"fusion-fullwidth fullwidth-box fusion-builder-row-1 nonhundred-percent-fullwidth non-hundred-percent-height-scrolling\" style=\"--awb-background-position:left top;--awb-border-sizes-top:0px;--awb-border-sizes-bottom:0px;--awb-border-sizes-left:0px;--awb-border-sizes-right:0px;--awb-border-radius-top-left:0px;--awb-border-radius-top-right:0px;--awb-border-radius-bottom-right:0px;--awb-border-radius-bottom-left:0px;--awb-padding-top:20px;--awb-padding-bottom:20px;--awb-flex-wrap:wrap;\" ><div class=\"fusion-builder-row fusion-row\"><div class=\"fusion-layout-column fusion_builder_column fusion-builder-column-0 fusion_builder_column_1_3 1_3 fusion-one-third fusion-column-first\" style=\"--awb-bg-size:cover;width:30.6666%; margin-right: 4%;\"><div class=\"fusion-column-wrapper fusion-flex-column-wrapper-legacy\"><div class=\"fusion-title title fusion-title-1 fusion-title-text fusion-title-size-one\" style=\"--awb-margin-top-small:0px;--awb-margin-right-small:0px;--awb-margin-bottom-small:20px;--awb-margin-left-small:0px;\"><h1 class=\"fusion-title-heading title-heading-left fusion-responsive-typography-calculated\" style=\"margin:0;--fontSize:31;line-height:1.41;\">Le maquereau en bo\u00eete<\/h1><span class=\"awb-title-spacer\"><\/span><div class=\"title-sep-container\"><div class=\"title-sep sep-single sep-solid\" style=\"border-color:#ae895d;\"><\/div><\/div><\/div><div class=\"fusion-text fusion-text-1\">ngg_shortcode_0_placeholder\n<\/div><div class=\"fusion-clearfix\"><\/div><\/div><\/div><div class=\"fusion-layout-column fusion_builder_column fusion-builder-column-1 fusion_builder_column_1_3 1_3 fusion-one-third\" style=\"--awb-bg-size:cover;width:30.6666%; margin-right: 4%;\"><div class=\"fusion-column-wrapper fusion-flex-column-wrapper-legacy\"><div class=\"fusion-image-element in-legacy-container\" style=\"--awb-caption-title-font-family:var(--h2_typography-font-family);--awb-caption-title-font-weight:var(--h2_typography-font-weight);--awb-caption-title-font-style:var(--h2_typography-font-style);--awb-caption-title-size:var(--h2_typography-font-size);--awb-caption-title-transform:var(--h2_typography-text-transform);--awb-caption-title-line-height:var(--h2_typography-line-height);--awb-caption-title-letter-spacing:var(--h2_typography-letter-spacing);\"><span class=\" fusion-imageframe imageframe-none imageframe-1 hover-type-none\"><a class=\"fusion-no-lightbox\" href=\"https:\/\/www.flickr.com\/photos\/amateursassocies\/albums\/72157665351592473\" target=\"_blank\" aria-label=\"2018-05-23_14h16_00\" rel=\"noopener noreferrer\"><img decoding=\"async\" width=\"300\" height=\"199\" src=\"https:\/\/amateursassocies.ch\/wp-content\/uploads\/2016\/01\/2018-05-23_14h16_00.png\" data-orig-src=\"https:\/\/amateursassocies.ch\/wp-content\/uploads\/2016\/01\/2018-05-23_14h16_00-300x199.png\" alt class=\"lazyload img-responsive wp-image-1596\" srcset=\"data:image\/svg+xml,%3Csvg%20xmlns%3D%27http%3A%2F%2Fwww.w3.org%2F2000%2Fsvg%27%20width%3D%271013%27%20height%3D%27672%27%20viewBox%3D%270%200%201013%20672%27%3E%3Crect%20width%3D%271013%27%20height%3D%27672%27%20fill-opacity%3D%220%22%2F%3E%3C%2Fsvg%3E\" data-srcset=\"https:\/\/amateursassocies.ch\/wp-content\/uploads\/2016\/01\/2018-05-23_14h16_00-200x133.png 200w, https:\/\/amateursassocies.ch\/wp-content\/uploads\/2016\/01\/2018-05-23_14h16_00-400x265.png 400w, https:\/\/amateursassocies.ch\/wp-content\/uploads\/2016\/01\/2018-05-23_14h16_00-600x398.png 600w, https:\/\/amateursassocies.ch\/wp-content\/uploads\/2016\/01\/2018-05-23_14h16_00-800x531.png 800w, https:\/\/amateursassocies.ch\/wp-content\/uploads\/2016\/01\/2018-05-23_14h16_00.png 1013w\" data-sizes=\"auto\" data-orig-sizes=\"(max-width: 1120px) 100vw, 400px\" \/><\/a><\/span><\/div><div class=\"fusion-title title fusion-title-2 fusion-title-text fusion-title-size-one\" style=\"--awb-margin-top-small:0px;--awb-margin-right-small:0px;--awb-margin-bottom-small:20px;--awb-margin-left-small:0px;\"><h1 class=\"fusion-title-heading title-heading-left fusion-responsive-typography-calculated\" style=\"margin:0;--fontSize:31;line-height:1.41;\">Dites 33<\/h1><span class=\"awb-title-spacer\"><\/span><div class=\"title-sep-container\"><div class=\"title-sep sep-single sep-solid\" style=\"border-color:#ae895d;\"><\/div><\/div><\/div><div class=\"fusion-clearfix\"><\/div><\/div><\/div><div class=\"fusion-layout-column fusion_builder_column fusion-builder-column-2 fusion_builder_column_1_3 1_3 fusion-one-third fusion-column-last\" style=\"--awb-bg-size:cover;width:30.6666%;\"><div class=\"fusion-column-wrapper fusion-flex-column-wrapper-legacy\"><div class=\"fusion-title title fusion-title-3 fusion-title-text fusion-title-size-one\" style=\"--awb-margin-top-small:0px;--awb-margin-right-small:0px;--awb-margin-bottom-small:20px;--awb-margin-left-small:0px;\"><h1 class=\"fusion-title-heading title-heading-left fusion-responsive-typography-calculated\" style=\"margin:0;--fontSize:31;line-height:1.41;\">La Planque<\/h1><span class=\"awb-title-spacer\"><\/span><div class=\"title-sep-container\"><div class=\"title-sep sep-single sep-solid\" style=\"border-color:#ae895d;\"><\/div><\/div><\/div><div class=\"fusion-image-element in-legacy-container\" style=\"--awb-caption-title-font-family:var(--h2_typography-font-family);--awb-caption-title-font-weight:var(--h2_typography-font-weight);--awb-caption-title-font-style:var(--h2_typography-font-style);--awb-caption-title-size:var(--h2_typography-font-size);--awb-caption-title-transform:var(--h2_typography-text-transform);--awb-caption-title-line-height:var(--h2_typography-line-height);--awb-caption-title-letter-spacing:var(--h2_typography-letter-spacing);\"><span class=\" fusion-imageframe imageframe-none imageframe-2 hover-type-none\"><a class=\"fusion-no-lightbox\" href=\"https:\/\/www.flickr.com\/photos\/131178085@N08\/albums\/72157650907876186\" target=\"_blank\" rel=\"noopener noreferrer\"><img decoding=\"async\" alt=\"La planque\" src=\"data:image\/gif;base64,R0lGODlhAQABAAAAACH5BAEKAAEALAAAAAABAAEAAAICTAEAOw==\" data-orig-src=\"https:\/\/amateursassocies.ch\/wp-content\/uploads\/2016\/01\/laplanque-300x205.jpg\" class=\"lazyload img-responsive\"\/><\/a><\/span><\/div><div class=\"fusion-clearfix\"><\/div><\/div><\/div><div class=\"fusion-layout-column fusion_builder_column fusion-builder-column-3 fusion_builder_column_1_3 1_3 fusion-one-third fusion-column-first\" style=\"--awb-bg-size:cover;width:30.6666%; margin-right: 4%;\"><div class=\"fusion-column-wrapper fusion-flex-column-wrapper-legacy\"><div class=\"fusion-image-element in-legacy-container\" style=\"--awb-caption-title-font-family:var(--h2_typography-font-family);--awb-caption-title-font-weight:var(--h2_typography-font-weight);--awb-caption-title-font-style:var(--h2_typography-font-style);--awb-caption-title-size:var(--h2_typography-font-size);--awb-caption-title-transform:var(--h2_typography-text-transform);--awb-caption-title-line-height:var(--h2_typography-line-height);--awb-caption-title-letter-spacing:var(--h2_typography-letter-spacing);\"><span class=\" fusion-imageframe imageframe-none imageframe-3 hover-type-none\"><a class=\"fusion-no-lightbox\" href=\"https:\/\/www.flickr.com\/photos\/131178085@N08\/albums\/72157648304535004\" target=\"_blank\" rel=\"noopener noreferrer\"><img decoding=\"async\" alt=\"Aperi\" src=\"data:image\/gif;base64,R0lGODlhAQABAAAAACH5BAEKAAEALAAAAAABAAEAAAICTAEAOw==\" data-orig-src=\"https:\/\/amateursassocies.ch\/wp-content\/uploads\/2016\/01\/apericube-300x296.jpg\" class=\"lazyload img-responsive\"\/><\/a><\/span><\/div><div class=\"fusion-title title fusion-title-4 fusion-title-text fusion-title-size-one\" style=\"--awb-margin-top-small:0px;--awb-margin-right-small:0px;--awb-margin-bottom-small:20px;--awb-margin-left-small:0px;\"><h1 class=\"fusion-title-heading title-heading-left fusion-responsive-typography-calculated\" style=\"margin:0;--fontSize:31;line-height:1.41;\">Aperi&#8217;Cube<\/h1><span class=\"awb-title-spacer\"><\/span><div class=\"title-sep-container\"><div class=\"title-sep sep-single sep-solid\" style=\"border-color:#ae895d;\"><\/div><\/div><\/div><div class=\"fusion-clearfix\"><\/div><\/div><\/div><div class=\"fusion-layout-column fusion_builder_column fusion-builder-column-4 fusion_builder_column_1_3 1_3 fusion-one-third\" style=\"--awb-bg-size:cover;width:30.6666%; margin-right: 4%;\"><div class=\"fusion-column-wrapper fusion-flex-column-wrapper-legacy\"><div class=\"fusion-title title fusion-title-5 fusion-title-text fusion-title-size-one\" style=\"--awb-margin-top-small:0px;--awb-margin-right-small:0px;--awb-margin-bottom-small:20px;--awb-margin-left-small:0px;\"><h1 class=\"fusion-title-heading title-heading-left fusion-responsive-typography-calculated\" style=\"margin:0;--fontSize:31;line-height:1.41;\">La f\u00e9e du bisse<\/h1><span class=\"awb-title-spacer\"><\/span><div class=\"title-sep-container\"><div class=\"title-sep sep-single sep-solid\" style=\"border-color:#ae895d;\"><\/div><\/div><\/div><div class=\"fusion-image-element in-legacy-container\" style=\"--awb-caption-title-font-family:var(--h2_typography-font-family);--awb-caption-title-font-weight:var(--h2_typography-font-weight);--awb-caption-title-font-style:var(--h2_typography-font-style);--awb-caption-title-size:var(--h2_typography-font-size);--awb-caption-title-transform:var(--h2_typography-text-transform);--awb-caption-title-line-height:var(--h2_typography-line-height);--awb-caption-title-letter-spacing:var(--h2_typography-letter-spacing);\"><span class=\" fusion-imageframe imageframe-none imageframe-4 hover-type-none\"><a class=\"fusion-no-lightbox\" href=\"https:\/\/www.flickr.com\/photos\/131178085@N08\/albums\/72157665532037921\" target=\"_blank\" rel=\"noopener noreferrer\"><img decoding=\"async\" alt=\"La f\u00e9e du bisse (2004)\" src=\"data:image\/gif;base64,R0lGODlhAQABAAAAACH5BAEKAAEALAAAAAABAAEAAAICTAEAOw==\" data-orig-src=\"https:\/\/amateursassocies.ch\/wp-content\/uploads\/2016\/01\/affiche-210x300.jpg\" class=\"lazyload img-responsive\"\/><\/a><\/span><\/div><div class=\"fusion-clearfix\"><\/div><\/div><\/div><div class=\"fusion-layout-column fusion_builder_column fusion-builder-column-5 fusion_builder_column_1_1 1_1 fusion-one-full fusion-column-last\" style=\"--awb-bg-size:cover;\"><div class=\"fusion-column-wrapper fusion-flex-column-wrapper-legacy\"><div class=\"fusion-title title fusion-title-6 fusion-title-text fusion-title-size-one\" style=\"--awb-margin-top-small:0px;--awb-margin-right-small:0px;--awb-margin-bottom-small:20px;--awb-margin-left-small:0px;\"><h1 class=\"fusion-title-heading title-heading-left fusion-responsive-typography-calculated\" style=\"margin:0;--fontSize:31;line-height:1.41;\">Articles<\/h1><span class=\"awb-title-spacer\"><\/span><div class=\"title-sep-container\"><div class=\"title-sep sep-single sep-solid\" style=\"border-color:#ae895d;\"><\/div><\/div><\/div><div class=\"fusion-blog-shortcode fusion-blog-shortcode-1 fusion-blog-archive fusion-blog-layout-large-alternate fusion-blog-pagination fusion-blog-no-images\"><div class=\"fusion-posts-container fusion-posts-container-pagination\" data-pages=\"1\"><article id=\"blog-1-post-2026\" class=\"fusion-post-large-alternate post-2026 post type-post status-publish format-standard has-post-thumbnail hentry category-articles category-news tag-40eme tag-amateurs tag-amateurs-associes tag-amis-pour-la-vie tag-anniversaire tag-evenement tag-illusions tag-piece tag-pont tag-riddes tag-spectacle tag-theatre tag-troupe\">\n<div class=\"fusion-date-and-formats\"><div class=\"fusion-date-box updated\"><span class=\"fusion-date\">11<\/span><span class=\"fusion-month-year\">06, 2019<\/span><\/div><div class=\"fusion-format-box\"><i class=\"awb-icon-pen\" aria-hidden=\"true\"><\/i><\/div><\/div><div class=\"fusion-post-content post-content\"><h2 class=\"blog-shortcode-post-title entry-title\"><a href=\"https:\/\/amateursassocies.ch\/index.php\/2019\/06\/11\/le-pont-des-illusions-4oeme\/\">Le Pont des illusions (4o\u00e8me)<\/a><\/h2><div class=\"fusion-post-content-container\"><p> Le Pont des Illusions ou la D\u00e9sillusion du Pont \u00a0 40\u00e8me anniversaire 10 juillet au 10 ao\u00fbt 2019 Riddes \u00a0 Lorsque Camille a invit\u00e9 ses amis pour f\u00eater son 18\u00e8me anniversaire dans un abri [...]<\/p><\/div><\/div><div class=\"fusion-clearfix\"><\/div><div class=\"fusion-meta-info\"><div class=\"fusion-alignright\"><a class=\"fusion-read-more\" href=\"https:\/\/amateursassocies.ch\/index.php\/2019\/06\/11\/le-pont-des-illusions-4oeme\/\" aria-label=\"More on Le Pont des illusions (4o\u00e8me)\">Read More<\/a><\/div><\/div><\/article>\n<article id=\"blog-1-post-1865\" class=\"fusion-post-large-alternate post-1865 post type-post status-publish format-standard has-post-thumbnail hentry category-articles category-news tag-abeille tag-amateurs tag-amateurs-associes tag-amis-pour-la-vie tag-evenement tag-groupe-c-o tag-junior tag-juniors tag-le-roman-dun-acteur tag-riddes tag-spectacle\">\n<div class=\"fusion-date-and-formats\"><div class=\"fusion-date-box updated\"><span class=\"fusion-date\">22<\/span><span class=\"fusion-month-year\">04, 2019<\/span><\/div><div class=\"fusion-format-box\"><i class=\"awb-icon-pen\" aria-hidden=\"true\"><\/i><\/div><\/div><div class=\"fusion-post-content post-content\"><h2 class=\"blog-shortcode-post-title entry-title\"><a href=\"https:\/\/amateursassocies.ch\/index.php\/2019\/04\/22\/50-ans-du-choeur-st-laurent-riddes-2\/\">L&#8217;atelier Juniors 2019 des Amateurs Associ\u00e9s pr\u00e9sente:<\/a><\/h2><div class=\"fusion-post-content-container\"><p>L'Atelier Juniors 2019 En septembre 1996, soucieux de s\u2019assurer une bonne rel\u00e8ve de futurs com\u00e9diens, mais \u00e9galement pour permettre aux enfants de se familiariser avec les plaisirs de la sc\u00e8ne, les Amateurs Associ\u00e9s mettent sur [...]<\/p><\/div><\/div><div class=\"fusion-clearfix\"><\/div><div class=\"fusion-meta-info\"><div class=\"fusion-alignright\"><a class=\"fusion-read-more\" href=\"https:\/\/amateursassocies.ch\/index.php\/2019\/04\/22\/50-ans-du-choeur-st-laurent-riddes-2\/\" aria-label=\"More on L&#8217;atelier Juniors 2019 des Amateurs Associ\u00e9s pr\u00e9sente:\">Read More<\/a><\/div><\/div><\/article>\n<article id=\"blog-1-post-1841\" class=\"fusion-post-large-alternate post-1841 post type-post status-publish format-standard has-post-thumbnail hentry category-articles category-news tag-activite tag-amateurs tag-amateurs-associes tag-biere tag-foire tag-foirinette tag-malternative tag-mots tag-news tag-pomme tag-premiere tag-president tag-repetition tag-riddes tag-spectacle tag-theatre\">\n<div class=\"fusion-date-and-formats\"><div class=\"fusion-date-box updated\"><span class=\"fusion-date\">20<\/span><span class=\"fusion-month-year\">09, 2018<\/span><\/div><div class=\"fusion-format-box\"><i class=\"awb-icon-pen\" aria-hidden=\"true\"><\/i><\/div><\/div><div class=\"fusion-post-content post-content\"><h2 class=\"blog-shortcode-post-title entry-title\"><a href=\"https:\/\/amateursassocies.ch\/index.php\/2018\/09\/20\/pommes\/\">F\u00eate de la pommme<\/a><\/h2><div class=\"fusion-post-content-container\"><p>F\u00eate de la pomme 2018 Nouveaut\u00e9 \u00e0 la F\u00eate de la Pomme!\u00a0 Les Amateurs Associ\u00e9s vous proposent un stand ax\u00e9 sur la bonne humeur, la pomme, la convivialit\u00e9, la pomme, des produits appr\u00eat\u00e9s exclusivement pour [...]<\/p><\/div><\/div><div class=\"fusion-clearfix\"><\/div><div class=\"fusion-meta-info\"><div class=\"fusion-alignright\"><a class=\"fusion-read-more\" href=\"https:\/\/amateursassocies.ch\/index.php\/2018\/09\/20\/pommes\/\" aria-label=\"More on F\u00eate de la pommme\">Read More<\/a><\/div><\/div><\/article>\n<article id=\"blog-1-post-1837\" class=\"fusion-post-large-alternate post-1837 post type-post status-publish format-standard has-post-thumbnail hentry category-articles category-news tag-amateurs tag-amateurs-associes tag-atelier tag-junior tag-mots tag-news tag-premiere tag-president tag-repetition tag-spectacle tag-theatre\">\n<div class=\"fusion-date-and-formats\"><div class=\"fusion-date-box updated\"><span class=\"fusion-date\">26<\/span><span class=\"fusion-month-year\">08, 2018<\/span><\/div><div class=\"fusion-format-box\"><i class=\"awb-icon-pen\" aria-hidden=\"true\"><\/i><\/div><\/div><div class=\"fusion-post-content post-content\"><h2 class=\"blog-shortcode-post-title entry-title\"><a href=\"https:\/\/amateursassocies.ch\/index.php\/2018\/08\/26\/mdp-2\/\">Atelier Juniors<\/a><\/h2><div class=\"fusion-post-content-container\"><p>\u00a0 Pour nous contacter : juniors@amateursassocies.ch Louis Jouvet,\u00a0Le Com\u00e9dien d\u00e9sincarn\u00e9:\u00a0\u201cRien de plus futile, de plus faux, de plus vain, rien de plus n\u00e9cessaire que le th\u00e9\u00e2tre.\u201d\u00a0<\/p><\/div><\/div><div class=\"fusion-clearfix\"><\/div><div class=\"fusion-meta-info\"><div class=\"fusion-alignright\"><a class=\"fusion-read-more\" href=\"https:\/\/amateursassocies.ch\/index.php\/2018\/08\/26\/mdp-2\/\" aria-label=\"More on Atelier Juniors\">Read More<\/a><\/div><\/div><\/article>\n<article id=\"blog-1-post-1652\" class=\"fusion-post-large-alternate post-1652 post type-post status-publish format-standard has-post-thumbnail hentry category-articles category-news tag-amateurs tag-amateurs-associes tag-maquereau-en-boite tag-metteur-en-sence tag-mots tag-news tag-piece tag-premiere tag-president tag-repetition tag-spectacle tag-theatre\">\n<div class=\"fusion-date-and-formats\"><div class=\"fusion-date-box updated\"><span class=\"fusion-date\">17<\/span><span class=\"fusion-month-year\">06, 2018<\/span><\/div><div class=\"fusion-format-box\"><i class=\"awb-icon-pen\" aria-hidden=\"true\"><\/i><\/div><\/div><div class=\"fusion-post-content post-content\"><h2 class=\"blog-shortcode-post-title entry-title\"><a href=\"https:\/\/amateursassocies.ch\/index.php\/2018\/06\/17\/mdp\/\">Le mot du pr\u00e9sident<\/a><\/h2><div class=\"fusion-post-content-container\"><p><\/p><p>Cher public,\u00a0 Apr\u00e8s 5 ans de pr\u00e9sidence aux Amateurs Associ\u00e9s, je souhaite vous remercier pour votre fid\u00e9lit\u00e9.  [\u2026]<\/p>\n<\/div><\/div><div class=\"fusion-clearfix\"><\/div><div class=\"fusion-meta-info\"><div class=\"fusion-alignright\"><a class=\"fusion-read-more\" href=\"https:\/\/amateursassocies.ch\/index.php\/2018\/06\/17\/mdp\/\" aria-label=\"More on Le mot du pr\u00e9sident\">Read More<\/a><\/div><\/div><\/article>\n<article id=\"blog-1-post-1637\" class=\"fusion-post-large-alternate post-1637 post type-post status-publish format-standard has-post-thumbnail hentry category-articles category-news tag-amateurs tag-amateurs-associes tag-maquereau-en-boite tag-metteur-en-sence tag-mots tag-news tag-piece tag-premiere tag-repetition tag-spectacle tag-theatre\">\n<div class=\"fusion-date-and-formats\"><div class=\"fusion-date-box updated\"><span class=\"fusion-date\">26<\/span><span class=\"fusion-month-year\">05, 2018<\/span><\/div><div class=\"fusion-format-box\"><i class=\"awb-icon-pen\" aria-hidden=\"true\"><\/i><\/div><\/div><div class=\"fusion-post-content post-content\"><h2 class=\"blog-shortcode-post-title entry-title\"><a href=\"https:\/\/amateursassocies.ch\/index.php\/2018\/05\/26\/qqm\/\">Quelques mots du metteur en sc\u00e8ne<\/a><\/h2><div class=\"fusion-post-content-container\"><p><\/p><p>\u201cLe maquereau en bo\u00eete\u201d est ma quatri\u00e8me mise en sc\u00e8ne et la pi\u00e8ce que nous pr\u00e9sentons n\u2019avais jamais \u00e9t\u00e9 mont\u00e9e.  [\u2026]<\/p>\n<\/div><\/div><div class=\"fusion-clearfix\"><\/div><div class=\"fusion-meta-info\"><div class=\"fusion-alignright\"><a class=\"fusion-read-more\" href=\"https:\/\/amateursassocies.ch\/index.php\/2018\/05\/26\/qqm\/\" aria-label=\"More on Quelques mots du metteur en sc\u00e8ne\">Read More<\/a><\/div><\/div><\/article>\n<\/div><\/div><div class=\"fusion-clearfix\"><\/div><\/div><\/div><\/div><\/div>\n","protected":false},"excerpt":{"rendered":"","protected":false},"author":47,"featured_media":0,"parent":0,"menu_order":0,"comment_status":"closed","ping_status":"closed","template":"100-width.php","meta":{"_monsterinsights_skip_tracking":false,"_monsterinsights_sitenote_active":false,"_monsterinsights_sitenote_note":"","_monsterinsights_sitenote_category":0,"ngg_post_thumbnail":0,"footnotes":""},"class_list":["post-838","page","type-page","status-publish","hentry"],"aioseo_notices":[],"_links":{"self":[{"href":"https:\/\/amateursassocies.ch\/index.php\/wp-json\/wp\/v2\/pages\/838","targetHints":{"allow":["GET"]}}],"collection":[{"href":"https:\/\/amateursassocies.ch\/index.php\/wp-json\/wp\/v2\/pages"}],"about":[{"href":"https:\/\/amateursassocies.ch\/index.php\/wp-json\/wp\/v2\/types\/page"}],"author":[{"embeddable":true,"href":"https:\/\/amateursassocies.ch\/index.php\/wp-json\/wp\/v2\/users\/47"}],"replies":[{"embeddable":true,"href":"https:\/\/amateursassocies.ch\/index.php\/wp-json\/wp\/v2\/comments?post=838"}],"version-history":[{"count":11,"href":"https:\/\/amateursassocies.ch\/index.php\/wp-json\/wp\/v2\/pages\/838\/revisions"}],"predecessor-version":[{"id":1592,"href":"https:\/\/amateursassocies.ch\/index.php\/wp-json\/wp\/v2\/pages\/838\/revisions\/1592"}],"wp:attachment":[{"href":"https:\/\/amateursassocies.ch\/index.php\/wp-json\/wp\/v2\/media?parent=838"}],"curies":[{"name":"wp","href":"https:\/\/api.w.org\/{rel}","templated":true}]}}